{"id":202,"date":"2019-04-23T09:37:16","date_gmt":"2019-04-23T09:37:16","guid":{"rendered":"http:\/\/zaske-softwaretechnik.de\/?page_id=202"},"modified":"2021-04-09T06:59:07","modified_gmt":"2021-04-09T06:59:07","slug":"ilabqc-2","status":"publish","type":"page","link":"http:\/\/zaske-softwaretechnik.de\/?page_id=202","title":{"rendered":"iLabQC &reg;"},"content":{"rendered":"<h1><img loading=\"lazy\" decoding=\"async\" class=\"wp-image-236 size-full aligncenter\" src=\"http:\/\/zaske-softwaretechnik.de\/wp-content\/uploads\/iLabQC_Logo_Violet_500px.png\" alt=\"\" width=\"500\" height=\"125\" srcset=\"http:\/\/zaske-softwaretechnik.de\/wp-content\/uploads\/iLabQC_Logo_Violet_500px.png 500w, http:\/\/zaske-softwaretechnik.de\/wp-content\/uploads\/iLabQC_Logo_Violet_500px-300x75.png 300w\" sizes=\"auto, (max-width: 500px) 100vw, 500px\" \/><\/h1>\n<h3 style=\"text-align: center;\">(<b>i<\/b>nter <strong>Lab<\/strong>oratory <strong>Q<\/strong>uality <strong>C<\/strong>ontrol)<\/h3>\n<h3>Unsere Produktfamilie f\u00fcr die automatisierte Qualit\u00e4tskontrolle in klinischen Laboratorien<\/h3>\n<p>Laboruntersuchungen von Patientenproben k\u00f6nnen ein komplexes Verfahren sein, abh\u00e4ngig von der klinischen Analyse, einer mikrobiologischen Studie oder auch Blutbankentests in allen Bereichen des klinischen Labors.\u00a0Die Qualit\u00e4tskontrolle (QC) ist eine der wichtigsten Auswirkungen auf Labortests &#8211; sie gew\u00e4hrleistet sowohl Pr\u00e4zision als auch Genauigkeit der Patientenprobenergebnisse.\u00a0Die Integrit\u00e4t der Qualit\u00e4tskontrollmuster ist sowohl f\u00fcr das Management der Gesamtqualit\u00e4t als auch f\u00fcr die Erf\u00fcllung der Anforderungen an Eignungspr\u00fcfungen wichtig.\u00a0Die Behebung von QC-Problemen ist entscheidend f\u00fcr die Identifizierung potenzieller Fehler bei den Patientenergebnissen.<\/p>\n<p>Wenn die Qualit\u00e4tskontrolle effektiv funktioniert, kann sie Fehler in den analytischen Prozessen eines Labors finden und bei der Korrektur unterst\u00fctzen, bevor m\u00f6glicherweise falsche Patientenergebnisse ver\u00f6ffentlicht werden.\u00a0Klinische Labore nutzen die Verwaltung der Dokumentation sowie die Integration eines kontinuierlichen Verbesserungsprozesses, um den gesamten Qualit\u00e4tskontrollprozess zu rationalisieren.<\/p>\n<p class=\"p3\">Eine weitere M\u00f6glichkeit zur Analyse der Qualit\u00e4tskontrolle sind Peer-Tests und monatliche \u00dcberpr\u00fcfung von QC-Trends.\u00a0Klinische Laboratorien sind h\u00e4ufig an klinischen Labortests (PT) beteiligt, mit denen ihre QC Auswertungen validiert werden.\u00a0\u00a0Nicht das Ergebniss eines einzeln Labors, sondern der Vergleich\u00a0 mit einer Peer-Group gibt Sicherheit bei der Validierung von QC Ergebnissen.\u00a0Die regelm\u00e4\u00dfige \u00dcberpr\u00fcfung der QC-Ergebnisse ist ein h\u00e4ufiges Instrument zur Aufrechterhaltung der Qualit\u00e4tskontrolle von Patientenproben.<\/p>\n<p><strong>Hierzu ist iLabQC \u00ae das ideale Hilfsmittel !<\/strong><\/p>\n<p><strong>iLabQC<\/strong> erm\u00f6glicht klinischen Laboren die Bewertung der Leistung ihrer Assays basierend auf der statistischen Analyse der QC-Daten, die vom Kontrollhersteller f\u00fcr klinisch-chemische, molekulare und \/ oder immunchemische Analyseger\u00e4te generiert wurden.<\/p>\n<p><strong>iLabQC<\/strong> sammelt QC-Daten von Kontrollen verschiedener Kunden (aus verschiedenen L\u00e4ndern) unter Verwendung der gleichen Kontrollmaterialcharge, des geleichen Analyzertyps und des gleichen Analyten. (Peer-Group)<\/p>\n<p><strong>iLabQC <\/strong>ist Kontrollmaterialhersteller unabh\u00e4ngig<\/p>\n<p><strong>iLabQC<\/strong> wertet ihre Qualit\u00e4tsdaten nach verschiedensten Standards aus , RiliB\u00e4k, SFBC, Wetgard etc.<\/p>\n<p><strong>iLabQC<\/strong> erfasst QC-Daten von nahezu jedem Ger\u00e4t durch eine Hard- oder Softwarel\u00f6sung, oder empf\u00e4ngt ihre QC-Daten \u00fcber standardisierte \u00dcbertragungsformate (XML)<\/p>\n<p><strong>iLabQC<\/strong> Quality Desktop , eine sehr benutzerfreundliche Oberfl\u00e4che.<\/p>\n<p><strong>iLabQC<\/strong> arbeitet wie eine Desktop-Anwendung und bietet vielf\u00e4ltige Auswertem\u00f6glichkeiten bei einfachster Anwendung.<\/p>\n<p><img loading=\"lazy\" decoding=\"async\" class=\"size-large wp-image-203 aligncenter\" src=\"http:\/\/zaske-softwaretechnik.com\/wp-content\/uploads\/2018\/12\/qdp01-1024x502.jpg\" alt=\"\" width=\"600\" height=\"294\" \/><\/p>\n<p>Grafische Auswertungen und eine Vielzahl von Listen- Auswertungen unterst\u00fctzen Sie bei der \u00dcberpr\u00fcfung der Qualit\u00e4t Ihres Labors.<\/p>\n<p><img loading=\"lazy\" decoding=\"async\" class=\"size-large wp-image-464 aligncenter\" src=\"http:\/\/zaske-softwaretechnik.com\/wp-content\/uploads\/2019\/01\/eval01-1-1024x492.png\" alt=\"\" width=\"600\" height=\"288\" \/><\/p>\n<p>Modul \/ Ger\u00e4teperformance , vergleicht die Performance eines Tests auf verschiedenen Ger\u00e4ten im Labor oder in der Laborkette<\/p>\n<p><img loading=\"lazy\" decoding=\"async\" class=\"size-large wp-image-461 aligncenter\" src=\"http:\/\/zaske-softwaretechnik.com\/wp-content\/uploads\/2019\/01\/performance-1024x833.png\" alt=\"\" width=\"600\" height=\"488\" \/><\/p>\n<p>Multilevel Levey Jennings Chart<\/p>\n<p><img loading=\"lazy\" decoding=\"async\" class=\"size-full wp-image-459 aligncenter\" src=\"http:\/\/zaske-softwaretechnik.com\/wp-content\/uploads\/2019\/01\/multilevel.png\" alt=\"\" width=\"806\" height=\"882\" \/><\/p>\n<p>&nbsp;<\/p>\n<p><strong>iLabQC<\/strong> ist das effizienteste und benutzerfreundlichste Qualit\u00e4tskontrollsystem f\u00fcr klinische Laboratorien.<\/p>\n<ul>\n<li>Vergleicht die interne QK mit dem Peergroup-Benchmark.<\/li>\n<li>Cloud-basierte L\u00f6sung, Konnektivit\u00e4t- und Datenerfassungs- L\u00f6sungen..<\/li>\n<li>Es k\u00f6nnen nahezu beliebige Analyseger\u00e4te oder Protokolle angeschlossen werden.<\/li>\n<li>Wird f\u00fcr klinische Chemie, Immundiagnostik oder molekulare Diagnostik verwendet.<\/li>\n<li>Kontrollmaterialchargen mit ihren Sollwerten k\u00f6nnen importiert und weltweit verwendet werden.<\/li>\n<li>Kann \u00fcber einen Messenger direkt Informationen und Warnmeldungen senden<\/li>\n<li>Verwaltung und Auswertung von Laborketten<\/li>\n<li>Kennwerte wie BIAS, CVI, TE und Messunsicherheiten\u00a0U<sub>(K=2) <\/sub>und U% stehen <em>on the fly<\/em> zur Verf\u00fcgung<\/li>\n<li>Laborspezifische Grenzwerte f\u00fcr u.a. TE, BIAS und CV<\/li>\n<\/ul>\n<p><strong>iLabQC<\/strong> wird weltweit als Instrument f\u00fcr die Akkreditierung von Labors eingesetzt und h\u00e4lt Sie stets auf dem Laufenden!<\/p>\n","protected":false},"excerpt":{"rendered":"<p>(inter Laboratory Quality Control) Unsere Produktfamilie f\u00fcr die automatisierte Qualit\u00e4tskontrolle in klinischen Laboratorien Laboruntersuchungen von Patientenproben k\u00f6nnen ein komplexes Verfahren sein, abh\u00e4ngig von der klinischen Analyse, einer mikrobiologischen Studie oder auch Blutbankentests in allen Bereichen des klinischen Labors.\u00a0Die Qualit\u00e4tskontrolle (QC) ist eine der wichtigsten Auswirkungen auf Labortests &#8211; sie gew\u00e4hrleistet sowohl Pr\u00e4zision als auch Genauigkeit [&hellip;]<\/p>\n","protected":false},"author":3,"featured_media":0,"parent":0,"menu_order":0,"comment_status":"closed","ping_status":"closed","template":"","meta":{"footnotes":""},"class_list":["post-202","page","type-page","status-publish","hentry"],"_links":{"self":[{"href":"http:\/\/zaske-softwaretechnik.de\/index.php?rest_route=\/wp\/v2\/pages\/202","targetHints":{"allow":["GET"]}}],"collection":[{"href":"http:\/\/zaske-softwaretechnik.de\/index.php?rest_route=\/wp\/v2\/pages"}],"about":[{"href":"http:\/\/zaske-softwaretechnik.de\/index.php?rest_route=\/wp\/v2\/types\/page"}],"author":[{"embeddable":true,"href":"http:\/\/zaske-softwaretechnik.de\/index.php?rest_route=\/wp\/v2\/users\/3"}],"replies":[{"embeddable":true,"href":"http:\/\/zaske-softwaretechnik.de\/index.php?rest_route=%2Fwp%2Fv2%2Fcomments&post=202"}],"version-history":[{"count":8,"href":"http:\/\/zaske-softwaretechnik.de\/index.php?rest_route=\/wp\/v2\/pages\/202\/revisions"}],"predecessor-version":[{"id":238,"href":"http:\/\/zaske-softwaretechnik.de\/index.php?rest_route=\/wp\/v2\/pages\/202\/revisions\/238"}],"wp:attachment":[{"href":"http:\/\/zaske-softwaretechnik.de\/index.php?rest_route=%2Fwp%2Fv2%2Fmedia&parent=202"}],"curies":[{"name":"wp","href":"https:\/\/api.w.org\/{rel}","templated":true}]}}