{"id":10,"date":"2019-04-04T12:42:53","date_gmt":"2019-04-04T12:42:53","guid":{"rendered":"http:\/\/zaske-softwaretechnik.de\/?page_id=10"},"modified":"2025-10-20T05:38:14","modified_gmt":"2025-10-20T05:38:14","slug":"kontakt","status":"publish","type":"page","link":"http:\/\/zaske-softwaretechnik.de\/?page_id=10","title":{"rendered":"Kontakt"},"content":{"rendered":"<p><strong>Zaske Software &amp; Technik GmbH<\/strong> <br \/><strong>Frankfurter Stra\u00dfe 46A<\/strong> <br \/><strong>D-65520 Bad Camberg<\/strong> <br \/><strong>Tel. : +49 6434 20973-0<\/strong> <br \/><strong>Fax. : +49 6434 20973-20<\/strong> <br \/><strong>info@zaske-softwaretechnik.de<\/strong> <br \/><br \/><strong>Gesch\u00e4ftsf\u00fchrer:<\/strong> <br \/>Siegmar Zaske\u00a0<br \/><strong>Registereintrag:<\/strong> <br \/>HRB 4889 Limburg an der Lahn <br \/><br \/><strong>Umsatzsteuer-ID:<\/strong> <br \/>Umsatzsteuer-Identifikationsnummer gem\u00e4\u00df \u00a727a Umsatzsteuergesetz: UST Id : DE 162650374<\/p>\r\n\r\n<p>&nbsp;<\/p>\r\n\r\n\r\n\r\n<p>&nbsp;<\/p>\r\n\r\n\r\n\r\n<figure class=\"wp-block-image\"><img loading=\"lazy\" decoding=\"async\" width=\"951\" height=\"163\" class=\"wp-image-34\" src=\"http:\/\/zaske-softwaretechnik.de\/wp-content\/uploads\/2019\/04\/Firmenlogo_Email_Transparent.png\" alt=\"\" srcset=\"http:\/\/zaske-softwaretechnik.de\/wp-content\/uploads\/2019\/04\/Firmenlogo_Email_Transparent.png 951w, http:\/\/zaske-softwaretechnik.de\/wp-content\/uploads\/2019\/04\/Firmenlogo_Email_Transparent-300x51.png 300w, http:\/\/zaske-softwaretechnik.de\/wp-content\/uploads\/2019\/04\/Firmenlogo_Email_Transparent-768x132.png 768w\" sizes=\"auto, (max-width: 951px) 100vw, 951px\" \/><\/figure>\r\n","protected":false},"excerpt":{"rendered":"<p>Zaske Software &amp; Technik GmbH Frankfurter Stra\u00dfe 46A D-65520 Bad Camberg Tel. : +49 6434 20973-0 Fax. : +49 6434 20973-20 info@zaske-softwaretechnik.de Gesch\u00e4ftsf\u00fchrer: Siegmar Zaske\u00a0Registereintrag: HRB 4889 Limburg an der Lahn Umsatzsteuer-ID: Umsatzsteuer-Identifikationsnummer gem\u00e4\u00df \u00a727a Umsatzsteuergesetz: UST Id : DE 162650374 &nbsp; &nbsp;<\/p>\n","protected":false},"author":3,"featured_media":5,"parent":0,"menu_order":0,"comment_status":"closed","ping_status":"closed","template":"","meta":{"footnotes":""},"class_list":["post-10","page","type-page","status-publish","has-post-thumbnail","hentry"],"_links":{"self":[{"href":"http:\/\/zaske-softwaretechnik.de\/index.php?rest_route=\/wp\/v2\/pages\/10","targetHints":{"allow":["GET"]}}],"collection":[{"href":"http:\/\/zaske-softwaretechnik.de\/index.php?rest_route=\/wp\/v2\/pages"}],"about":[{"href":"http:\/\/zaske-softwaretechnik.de\/index.php?rest_route=\/wp\/v2\/types\/page"}],"author":[{"embeddable":true,"href":"http:\/\/zaske-softwaretechnik.de\/index.php?rest_route=\/wp\/v2\/users\/3"}],"replies":[{"embeddable":true,"href":"http:\/\/zaske-softwaretechnik.de\/index.php?rest_route=%2Fwp%2Fv2%2Fcomments&post=10"}],"version-history":[{"count":7,"href":"http:\/\/zaske-softwaretechnik.de\/index.php?rest_route=\/wp\/v2\/pages\/10\/revisions"}],"predecessor-version":[{"id":276,"href":"http:\/\/zaske-softwaretechnik.de\/index.php?rest_route=\/wp\/v2\/pages\/10\/revisions\/276"}],"wp:featuredmedia":[{"embeddable":true,"href":"http:\/\/zaske-softwaretechnik.de\/index.php?rest_route=\/wp\/v2\/media\/5"}],"wp:attachment":[{"href":"http:\/\/zaske-softwaretechnik.de\/index.php?rest_route=%2Fwp%2Fv2%2Fmedia&parent=10"}],"curies":[{"name":"wp","href":"https:\/\/api.w.org\/{rel}","templated":true}]}}